{"id":452,"date":"2022-03-03T04:49:17","date_gmt":"2022-03-03T04:49:17","guid":{"rendered":"https:\/\/drwalterarboleda.com\/index.php\/about\/"},"modified":"2025-12-10T13:31:36","modified_gmt":"2025-12-10T12:31:36","slug":"perfil","status":"publish","type":"page","link":"https:\/\/drwalterarboleda.com\/index.php\/perfil\/","title":{"rendered":"Perfil"},"content":{"rendered":"\t\t<div data-elementor-type=\"wp-page\" data-elementor-id=\"452\" class=\"elementor elementor-452\">\n\t\t\t\t\t\t\t\t\t<section class=\"elementor-section elementor-top-section elementor-element elementor-element-16d1e3d elementor-section-boxed elementor-section-height-default elementor-section-height-default\" data-id=\"16d1e3d\" data-element_type=\"section\" data-settings=\"{&quot;background_background&quot;:&quot;classic&quot;}\">\n\t\t\t\t\t\t<div class=\"elementor-container elementor-column-gap-no\">\n\t\t\t\t\t<div class=\"elementor-column elementor-col-100 elementor-top-column elementor-element elementor-element-090e8c2\" data-id=\"090e8c2\" data-element_type=\"column\">\n\t\t\t<div class=\"elementor-widget-wrap elementor-element-populated\">\n\t\t\t\t\t\t\t\t<section class=\"elementor-section elementor-inner-section elementor-element elementor-element-68c9e5b elementor-section-content-middle elementor-section-boxed elementor-section-height-default elementor-section-height-default\" data-id=\"68c9e5b\" data-element_type=\"section\">\n\t\t\t\t\t\t<div class=\"elementor-container elementor-column-gap-no\">\n\t\t\t\t\t<div class=\"elementor-column elementor-col-50 elementor-inner-column elementor-element elementor-element-f54db97\" data-id=\"f54db97\" data-element_type=\"column\">\n\t\t\t<div class=\"elementor-widget-wrap elementor-element-populated\">\n\t\t\t\t\t\t\t\t<div class=\"elementor-element elementor-element-92baeb4 elementor-widget elementor-widget-heading\" data-id=\"92baeb4\" data-element_type=\"widget\" data-widget_type=\"heading.default\">\n\t\t\t\t<div class=\"elementor-widget-container\">\n\t\t\t<style>\/*! elementor - v3.15.0 - 20-08-2023 *\/\n.elementor-heading-title{padding:0;margin:0;line-height:1}.elementor-widget-heading .elementor-heading-title[class*=elementor-size-]>a{color:inherit;font-size:inherit;line-height:inherit}.elementor-widget-heading .elementor-heading-title.elementor-size-small{font-size:15px}.elementor-widget-heading .elementor-heading-title.elementor-size-medium{font-size:19px}.elementor-widget-heading .elementor-heading-title.elementor-size-large{font-size:29px}.elementor-widget-heading .elementor-heading-title.elementor-size-xl{font-size:39px}.elementor-widget-heading .elementor-heading-title.elementor-size-xxl{font-size:59px}<\/style><h6 class=\"elementor-heading-title elementor-size-default\">Perfil<\/h6>\t\t<\/div>\n\t\t\t\t<\/div>\n\t\t\t\t<div class=\"elementor-element elementor-element-b5a5cf7 elementor-widget elementor-widget-heading\" data-id=\"b5a5cf7\" data-element_type=\"widget\" data-widget_type=\"heading.default\">\n\t\t\t\t<div class=\"elementor-widget-container\">\n\t\t\t<h3 class=\"elementor-heading-title elementor-size-default\">Dr. Walter Arboleda PhD<\/h3>\t\t<\/div>\n\t\t\t\t<\/div>\n\t\t\t\t<div class=\"elementor-element elementor-element-b2f04de elementor-widget__width-initial elementor-widget elementor-widget-text-editor\" data-id=\"b2f04de\" data-element_type=\"widget\" data-widget_type=\"text-editor.default\">\n\t\t\t\t<div class=\"elementor-widget-container\">\n\t\t\t<style>\/*! elementor - v3.15.0 - 20-08-2023 *\/\n.elementor-widget-text-editor.elementor-drop-cap-view-stacked .elementor-drop-cap{background-color:#69727d;color:#fff}.elementor-widget-text-editor.elementor-drop-cap-view-framed .elementor-drop-cap{color:#69727d;border:3px solid;background-color:transparent}.elementor-widget-text-editor:not(.elementor-drop-cap-view-default) .elementor-drop-cap{margin-top:8px}.elementor-widget-text-editor:not(.elementor-drop-cap-view-default) .elementor-drop-cap-letter{width:1em;height:1em}.elementor-widget-text-editor .elementor-drop-cap{float:left;text-align:center;line-height:1;font-size:50px}.elementor-widget-text-editor .elementor-drop-cap-letter{display:inline-block}<\/style>\t\t\t\t<p>Mast\u00f3logo, realiz\u00f3 estudios de Medicina y Ginecolog\u00eda en la Universidad de Caldas, Especialista en mastolog\u00eda de la Fundaci\u00f3n Universitaria de las Ciencias de la Salud e Instituto Nacional de Cancerolog\u00eda de Colombia, con diferentes diplomados y reconocimientos con un doctorado en dise\u00f1o y creaci\u00f3n de la Universidad de Caldas, fellow en Cirug\u00eda Oncopl\u00e1stica de la Sociedad Brasilera de Mastolog\u00eda.<\/p>\n<p>Se ha desempe\u00f1ado ampliamente en campos de patolog\u00eda&nbsp;<span style=\"text-align: justify;\">benigna, maligna, cirug\u00eda oncopl\u00e1stica y reconstructiva de la mama en el eje cafetero<\/span>, docente de mastolog\u00eda de la Universidad de Caldas.<\/p>\n<p>Fundador y Directo de Oncosalud IPS, instituci\u00f3n que se creo con el objetivo de brindar atenci\u00f3n oportuna en el momento del diagn\u00f3stico, tratamiento oportuno y seguimiento de los pacientes con c\u00e1ncer de mama y pacientes con s\u00edntomas de patolog\u00eda mamaria. En la actualidad se desempe\u00f1a como mast\u00f3logo en Oncosalud IPS.<\/p>\t\t\t\t\t\t<\/div>\n\t\t\t\t<\/div>\n\t\t\t\t\t<\/div>\n\t\t<\/div>\n\t\t\t\t<div class=\"elementor-column elementor-col-50 elementor-inner-column elementor-element elementor-element-e034dd2\" data-id=\"e034dd2\" data-element_type=\"column\">\n\t\t\t<div class=\"elementor-widget-wrap elementor-element-populated\">\n\t\t\t\t\t\t\t\t<div class=\"elementor-element elementor-element-b30c5b0 elementor-widget elementor-widget-image\" data-id=\"b30c5b0\" data-element_type=\"widget\" data-widget_type=\"image.default\">\n\t\t\t\t<div class=\"elementor-widget-container\">\n\t\t\t<style>\/*! elementor - v3.15.0 - 20-08-2023 *\/\n.elementor-widget-image{text-align:center}.elementor-widget-image a{display:inline-block}.elementor-widget-image a img[src$=\".svg\"]{width:48px}.elementor-widget-image img{vertical-align:middle;display:inline-block}<\/style>\t\t\t\t\t\t\t\t\t\t\t\t<img decoding=\"async\" loading=\"lazy\" width=\"801\" height=\"1201\" src=\"https:\/\/drwalterarboleda.com\/wp-content\/uploads\/2023\/10\/drw1Mesa-de-trabajo-12.jpg\" class=\"attachment-full size-full wp-image-1896\" alt=\"\" srcset=\"https:\/\/drwalterarboleda.com\/wp-content\/uploads\/2023\/10\/drw1Mesa-de-trabajo-12.jpg 801w, https:\/\/drwalterarboleda.com\/wp-content\/uploads\/2023\/10\/drw1Mesa-de-trabajo-12-200x300.jpg 200w, https:\/\/drwalterarboleda.com\/wp-content\/uploads\/2023\/10\/drw1Mesa-de-trabajo-12-683x1024.jpg 683w, https:\/\/drwalterarboleda.com\/wp-content\/uploads\/2023\/10\/drw1Mesa-de-trabajo-12-768x1152.jpg 768w\" sizes=\"(max-width: 801px) 100vw, 801px\" \/>\t\t\t\t\t\t\t\t\t\t\t\t\t\t\t<\/div>\n\t\t\t\t<\/div>\n\t\t\t\t\t<\/div>\n\t\t<\/div>\n\t\t\t\t\t\t\t<\/div>\n\t\t<\/section>\n\t\t\t\t\t<\/div>\n\t\t<\/div>\n\t\t\t\t\t\t\t<\/div>\n\t\t<\/section>\n\t\t\t\t<section class=\"elementor-section elementor-top-section elementor-element elementor-element-d3589bd elementor-section-boxed elementor-section-height-default elementor-section-height-default\" data-id=\"d3589bd\" data-element_type=\"section\" data-settings=\"{&quot;background_background&quot;:&quot;classic&quot;}\">\n\t\t\t\t\t\t\t<div class=\"elementor-background-overlay\"><\/div>\n\t\t\t\t\t\t\t<div class=\"elementor-container elementor-column-gap-no\">\n\t\t\t\t\t<div class=\"elementor-column elementor-col-100 elementor-top-column elementor-element elementor-element-2c13202\" data-id=\"2c13202\" data-element_type=\"column\">\n\t\t\t<div class=\"elementor-widget-wrap elementor-element-populated\">\n\t\t\t\t\t\t\t\t<div class=\"elementor-element elementor-element-b9e0b28 elementor-widget elementor-widget-heading\" data-id=\"b9e0b28\" data-element_type=\"widget\" data-widget_type=\"heading.default\">\n\t\t\t\t<div class=\"elementor-widget-container\">\n\t\t\t<h1 class=\"elementor-heading-title elementor-size-default\">Ha realizado cirug\u00edas de mamoplastia de reducci\u00f3n, cuadrantectom\u00edas, explantes mamarios entre otras a m\u00e1s de 4.000 pacientes con m\u00e1s de 15.000 procedimientos realizados<\/h1>\t\t<\/div>\n\t\t\t\t<\/div>\n\t\t\t\t\t<\/div>\n\t\t<\/div>\n\t\t\t\t\t\t\t<\/div>\n\t\t<\/section>\n\t\t\t\t<section class=\"elementor-section elementor-top-section elementor-element elementor-element-q64w0p5 elementor-section-content-middle elementor-section-boxed elementor-section-height-default elementor-section-height-default\" data-id=\"q64w0p5\" data-element_type=\"section\" data-settings=\"{&quot;background_background&quot;:&quot;classic&quot;}\">\n\t\t\t\t\t\t\t<div class=\"elementor-background-overlay\"><\/div>\n\t\t\t\t\t\t\t<div class=\"elementor-container elementor-column-gap-no\">\n\t\t\t\t\t<div class=\"elementor-column elementor-col-50 elementor-top-column elementor-element elementor-element-5fcceb3\" data-id=\"5fcceb3\" data-element_type=\"column\">\n\t\t\t<div class=\"elementor-widget-wrap elementor-element-populated\">\n\t\t\t\t\t\t\t\t<div class=\"elementor-element elementor-element-1726a4d elementor-widget elementor-widget-image\" data-id=\"1726a4d\" data-element_type=\"widget\" data-widget_type=\"image.default\">\n\t\t\t\t<div class=\"elementor-widget-container\">\n\t\t\t\t\t\t\t\t\t\t\t\t\t\t\t<img decoding=\"async\" loading=\"lazy\" width=\"1200\" height=\"1798\" src=\"https:\/\/drwalterarboleda.com\/wp-content\/uploads\/2025\/10\/dr.jpg\" class=\"attachment-full size-full wp-image-11842\" alt=\"\" srcset=\"https:\/\/drwalterarboleda.com\/wp-content\/uploads\/2025\/10\/dr.jpg 1200w, https:\/\/drwalterarboleda.com\/wp-content\/uploads\/2025\/10\/dr-200x300.jpg 200w, https:\/\/drwalterarboleda.com\/wp-content\/uploads\/2025\/10\/dr-683x1024.jpg 683w, https:\/\/drwalterarboleda.com\/wp-content\/uploads\/2025\/10\/dr-768x1151.jpg 768w, https:\/\/drwalterarboleda.com\/wp-content\/uploads\/2025\/10\/dr-1025x1536.jpg 1025w\" sizes=\"(max-width: 1200px) 100vw, 1200px\" \/>\t\t\t\t\t\t\t\t\t\t\t\t\t\t\t<\/div>\n\t\t\t\t<\/div>\n\t\t\t\t\t<\/div>\n\t\t<\/div>\n\t\t\t\t<div class=\"elementor-column elementor-col-50 elementor-top-column elementor-element elementor-element-04229e9\" data-id=\"04229e9\" data-element_type=\"column\">\n\t\t\t<div class=\"elementor-widget-wrap elementor-element-populated\">\n\t\t\t\t\t\t\t\t<div class=\"elementor-element elementor-element-b1bbbe1 elementor-widget elementor-widget-text-editor\" data-id=\"b1bbbe1\" data-element_type=\"widget\" data-widget_type=\"text-editor.default\">\n\t\t\t\t<div class=\"elementor-widget-container\">\n\t\t\t\t\t\t\t<p style=\"text-align: left;\"><span style=\"color: #282f47;\">El Dr. Arboleda asiste permanentemente a congresos nacionales e internacionales, cursos y diplomados de actualizaci\u00f3n en su especialidad, adem\u00e1s es miembro de la Asociaci\u00f3n Colombiana de Mastolog\u00eda.<\/span><\/p>\n<p><strong><span style=\"color: #282f47;\">\u00b7&nbsp; Fundador y director cient\u00edfico de la IPS Oncosalud<\/span><\/strong><\/p>\n<p><strong><span style=\"color: #282f47;\">\u00b7&nbsp; Creador de la patente Esperanza (prototipo dise\u00f1ado para ense\u00f1ar a los futuros m\u00e9dicos, como palpar la gl\u00e1ndula mamaria y detectar de forma temprana y oportuna, el c\u00e1ncer de mama)<\/span><\/strong><\/p>\t\t\t\t\t\t<\/div>\n\t\t\t\t<\/div>\n\t\t\t\t\t<\/div>\n\t\t<\/div>\n\t\t\t\t\t\t\t<\/div>\n\t\t<\/section>\n\t\t\t\t\t\t\t<\/div>\n\t\t","protected":false},"excerpt":{"rendered":"<p>Perfil Dr. Walter Arboleda PhD Mast\u00f3logo, realiz\u00f3 estudios de Medicina y Ginecolog\u00eda en la Universidad de Caldas, Especialista en mastolog\u00eda de la Fundaci\u00f3n Universitaria de las Ciencias de la Salud e Instituto Nacional de Cancerolog\u00eda de Colombia, con diferentes diplomados y reconocimientos con un doctorado en dise\u00f1o y creaci\u00f3n de la Universidad de Caldas, fellow &hellip;<\/p>\n<p class=\"read-more\"> <a class=\"\" href=\"https:\/\/drwalterarboleda.com\/index.php\/perfil\/\"> <span class=\"screen-reader-text\">Perfil<\/span> Leer m\u00e1s &raquo;<\/a><\/p>\n","protected":false},"author":1,"featured_media":0,"parent":0,"menu_order":0,"comment_status":"closed","ping_status":"open","template":"","meta":{"site-sidebar-layout":"no-sidebar","site-content-layout":"page-builder","ast-site-content-layout":"full-width-container","site-content-style":"unboxed","site-sidebar-style":"unboxed","ast-global-header-display":"","ast-banner-title-visibility":"","ast-main-header-display":"","ast-hfb-above-header-display":"","ast-hfb-below-header-display":"","ast-hfb-mobile-header-display":"","site-post-title":"disabled","ast-breadcrumbs-content":"","ast-featured-img":"disabled","footer-sml-layout":"","theme-transparent-header-meta":"enabled","adv-header-id-meta":"","stick-header-meta":"","header-above-stick-meta":"","header-main-stick-meta":"","header-below-stick-meta":"","astra-migrate-meta-layouts":"set","footnotes":""},"aioseo_notices":[],"_links":{"self":[{"href":"https:\/\/drwalterarboleda.com\/index.php\/wp-json\/wp\/v2\/pages\/452"}],"collection":[{"href":"https:\/\/drwalterarboleda.com\/index.php\/wp-json\/wp\/v2\/pages"}],"about":[{"href":"https:\/\/drwalterarboleda.com\/index.php\/wp-json\/wp\/v2\/types\/page"}],"author":[{"embeddable":true,"href":"https:\/\/drwalterarboleda.com\/index.php\/wp-json\/wp\/v2\/users\/1"}],"replies":[{"embeddable":true,"href":"https:\/\/drwalterarboleda.com\/index.php\/wp-json\/wp\/v2\/comments?post=452"}],"version-history":[{"count":92,"href":"https:\/\/drwalterarboleda.com\/index.php\/wp-json\/wp\/v2\/pages\/452\/revisions"}],"predecessor-version":[{"id":12010,"href":"https:\/\/drwalterarboleda.com\/index.php\/wp-json\/wp\/v2\/pages\/452\/revisions\/12010"}],"wp:attachment":[{"href":"https:\/\/drwalterarboleda.com\/index.php\/wp-json\/wp\/v2\/media?parent=452"}],"curies":[{"name":"wp","href":"https:\/\/api.w.org\/{rel}","templated":true}]}}