{"id":2161,"date":"2024-01-30T16:56:07","date_gmt":"2024-01-30T15:56:07","guid":{"rendered":"https:\/\/drwalterarboleda.com\/?page_id=2161"},"modified":"2026-05-04T19:38:17","modified_gmt":"2026-05-04T17:38:17","slug":"copy-testimonios","status":"publish","type":"page","link":"https:\/\/drwalterarboleda.com\/index.php\/copy-testimonios\/","title":{"rendered":"C\u00e1psulas M\u00e9dicas"},"content":{"rendered":"\t\t<div data-elementor-type=\"wp-page\" data-elementor-id=\"2161\" class=\"elementor elementor-2161\">\n\t\t\t\t\t\t\t\t\t<section class=\"elementor-section elementor-top-section elementor-element elementor-element-04df5ed elementor-section-boxed elementor-section-height-default elementor-section-height-default\" data-id=\"04df5ed\" data-element_type=\"section\" data-settings=\"{&quot;background_background&quot;:&quot;classic&quot;}\">\n\t\t\t\t\t\t\t<div class=\"elementor-background-overlay\"><\/div>\n\t\t\t\t\t\t\t<div class=\"elementor-container elementor-column-gap-no\">\n\t\t\t\t\t<div class=\"elementor-column elementor-col-100 elementor-top-column elementor-element elementor-element-934348b\" data-id=\"934348b\" data-element_type=\"column\">\n\t\t\t<div class=\"elementor-widget-wrap elementor-element-populated\">\n\t\t\t\t\t\t\t\t<section class=\"elementor-section elementor-inner-section elementor-element elementor-element-4f5c014 elementor-section-boxed elementor-section-height-default elementor-section-height-default\" data-id=\"4f5c014\" data-element_type=\"section\">\n\t\t\t\t\t\t<div class=\"elementor-container elementor-column-gap-no\">\n\t\t\t\t\t<div class=\"elementor-column elementor-col-100 elementor-inner-column elementor-element elementor-element-f0b5a45\" data-id=\"f0b5a45\" data-element_type=\"column\">\n\t\t\t<div class=\"elementor-widget-wrap elementor-element-populated\">\n\t\t\t\t\t\t\t\t<div class=\"elementor-element elementor-element-5423acc elementor-widget elementor-widget-heading\" data-id=\"5423acc\" data-element_type=\"widget\" data-widget_type=\"heading.default\">\n\t\t\t\t<div class=\"elementor-widget-container\">\n\t\t\t<style>\/*! elementor - v3.15.0 - 20-08-2023 *\/\n.elementor-heading-title{padding:0;margin:0;line-height:1}.elementor-widget-heading .elementor-heading-title[class*=elementor-size-]>a{color:inherit;font-size:inherit;line-height:inherit}.elementor-widget-heading .elementor-heading-title.elementor-size-small{font-size:15px}.elementor-widget-heading .elementor-heading-title.elementor-size-medium{font-size:19px}.elementor-widget-heading .elementor-heading-title.elementor-size-large{font-size:29px}.elementor-widget-heading .elementor-heading-title.elementor-size-xl{font-size:39px}.elementor-widget-heading .elementor-heading-title.elementor-size-xxl{font-size:59px}<\/style><h1 class=\"elementor-heading-title elementor-size-default\">C\u00e1psulas M\u00e9dicas...<\/h1>\t\t<\/div>\n\t\t\t\t<\/div>\n\t\t\t\t\t<\/div>\n\t\t<\/div>\n\t\t\t\t\t\t\t<\/div>\n\t\t<\/section>\n\t\t\t\t\t<\/div>\n\t\t<\/div>\n\t\t\t\t\t\t\t<\/div>\n\t\t<\/section>\n\t\t\t\t<section class=\"elementor-section elementor-top-section elementor-element elementor-element-a40916f elementor-section-boxed elementor-section-height-default elementor-section-height-default\" data-id=\"a40916f\" data-element_type=\"section\">\n\t\t\t\t\t\t<div class=\"elementor-container elementor-column-gap-default\">\n\t\t\t\t\t<div class=\"elementor-column elementor-col-50 elementor-top-column elementor-element elementor-element-ca4d53f\" data-id=\"ca4d53f\" data-element_type=\"column\">\n\t\t\t<div class=\"elementor-widget-wrap elementor-element-populated\">\n\t\t\t\t\t\t\t\t<div class=\"elementor-element elementor-element-69bd100 elementor-widget elementor-widget-mdp-watcher-elementor\" data-id=\"69bd100\" data-element_type=\"widget\" data-widget_type=\"mdp-watcher-elementor.default\">\n\t\t\t\t<div class=\"elementor-widget-container\">\n\t\t\t<!-- Start Watcher for Elementor WordPress Plugin -->\n                <div \n                    class=\"mdp-watcher-elementor-box mdp-watcher-elementor-not-playlist\"\n                    data-controls=\"[&quot;playpause&quot;,&quot;current&quot;,&quot;progress&quot;,&quot;duration&quot;,&quot;volume&quot;,&quot;fullscreen&quot;]\"\n                    data-player-bool-settings=\"{&quot;enableAutosize&quot;:&quot;yes&quot;,&quot;alwaysShowControls&quot;:&quot;&quot;,&quot;hideVideoControlsOnLoad&quot;:&quot;&quot;,&quot;showPosterWhenEnded&quot;:&quot;&quot;,&quot;showPosterWhenPaused&quot;:&quot;&quot;,&quot;loop&quot;:&quot;&quot;,&quot;alwaysShowHours&quot;:&quot;&quot;,&quot;forceLive&quot;:&quot;&quot;,&quot;showPlaylist&quot;:null,&quot;enableKeyboard&quot;:&quot;yes&quot;,&quot;hideVolumeOnTouchDevices&quot;:&quot;yes&quot;,&quot;clickToPlayPause&quot;:&quot;yes&quot;,&quot;hideVideoControlsOnPause&quot;:&quot;no&quot;,&quot;pauseOtherPlayers&quot;:&quot;yes&quot;,&quot;useSmoothHover&quot;:&quot;yes&quot;}\"\n                    data-player-settings=\"{&quot;videoVolume&quot;:&quot;horizontal&quot;,&quot;controlsTimeoutDefault&quot;:569,&quot;videoHeight&quot;:300,&quot;controlsTimeoutMouseEnter&quot;:2086,&quot;controlsTimeoutMouseLeave&quot;:1000,&quot;startVolume&quot;:0.8,&quot;poster&quot;:&quot;&quot;,&quot;videoWidth&quot;:&quot;&quot;}\"\n                    data-source=\"external\"\n                    data-show-playlist-by-default=\"\"\n                ><div class=\"mdp-watcher-elementor-video-wrapper\">\n                        <video   id=\"mdp-watcher-elementor-player-69bd100\" width=\"100%\" >\n                            <source src=\"https:\/\/youtu.be\/dn2RW2VpSlM\">\n                        <\/video>\n                    <\/div> <\/div>\n               <!-- End Watcher for Elementor WordPress Plugin -->\t\t<\/div>\n\t\t\t\t<\/div>\n\t\t\t\t\t<\/div>\n\t\t<\/div>\n\t\t\t\t<div class=\"elementor-column elementor-col-50 elementor-top-column elementor-element elementor-element-3a0a2b3\" data-id=\"3a0a2b3\" data-element_type=\"column\">\n\t\t\t<div class=\"elementor-widget-wrap elementor-element-populated\">\n\t\t\t\t\t\t\t\t<div class=\"elementor-element elementor-element-28a276f elementor-widget__width-initial elementor-widget elementor-widget-text-editor\" data-id=\"28a276f\" data-element_type=\"widget\" data-widget_type=\"text-editor.default\">\n\t\t\t\t<div class=\"elementor-widget-container\">\n\t\t\t<style>\/*! elementor - v3.15.0 - 20-08-2023 *\/\n.elementor-widget-text-editor.elementor-drop-cap-view-stacked .elementor-drop-cap{background-color:#69727d;color:#fff}.elementor-widget-text-editor.elementor-drop-cap-view-framed .elementor-drop-cap{color:#69727d;border:3px solid;background-color:transparent}.elementor-widget-text-editor:not(.elementor-drop-cap-view-default) .elementor-drop-cap{margin-top:8px}.elementor-widget-text-editor:not(.elementor-drop-cap-view-default) .elementor-drop-cap-letter{width:1em;height:1em}.elementor-widget-text-editor .elementor-drop-cap{float:left;text-align:center;line-height:1;font-size:50px}.elementor-widget-text-editor .elementor-drop-cap-letter{display:inline-block}<\/style>\t\t\t\t<p>La cirug\u00eda en el <strong>c\u00e1ncer de ovario<\/strong> recurrente es valiosa, especialmente despu\u00e9s del progreso de terapias de primera l\u00ednea, y su objetivo crucial es lograr la <strong>Recepci\u00f3n Macrosc\u00f3pica Completa (RMC)<\/strong>, que act\u00faa como un fuerte predictor independiente de supervivencia. La selecci\u00f3n estricta de pacientes es obligatoria, utilizando criterios como la <strong>puntuaci\u00f3n AGO<\/strong> o los <strong>criterios iMode<\/strong>, para identificar candidatas a la citorreducci\u00f3n secundaria. Los an\u00e1lisis de ensayos aleatorizados como<strong> SOC 1 y Desktop 3<\/strong> mostraron un beneficio en la supervivencia global para pacientes intervenidas bajo indicaciones espec\u00edficas y la garant\u00eda de RMC<\/p>\t\t\t\t\t\t<\/div>\n\t\t\t\t<\/div>\n\t\t\t\t<section class=\"elementor-section elementor-inner-section elementor-element elementor-element-d330a18 elementor-section-boxed elementor-section-height-default elementor-section-height-default\" data-id=\"d330a18\" data-element_type=\"section\">\n\t\t\t\t\t\t<div class=\"elementor-container elementor-column-gap-default\">\n\t\t\t\t\t<div class=\"elementor-column elementor-col-50 elementor-inner-column elementor-element elementor-element-344c4d9\" data-id=\"344c4d9\" data-element_type=\"column\">\n\t\t\t<div class=\"elementor-widget-wrap elementor-element-populated\">\n\t\t\t\t\t\t\t\t<div class=\"elementor-element elementor-element-149a2fe elementor-align-left elementor-widget elementor-widget-button\" data-id=\"149a2fe\" data-element_type=\"widget\" data-widget_type=\"button.default\">\n\t\t\t\t<div class=\"elementor-widget-container\">\n\t\t\t\t\t<div class=\"elementor-button-wrapper\">\n\t\t\t<a class=\"elementor-button elementor-button-link elementor-size-sm\" href=\"https:\/\/www.youtube.com\/watch?v=dn2RW2VpSlM&#038;t=8s\" target=\"_blank\">\n\t\t\t\t\t\t<span class=\"elementor-button-content-wrapper\">\n\t\t\t\t\t\t<span class=\"elementor-button-text\">Ver M\u00e1s!<\/span>\n\t\t<\/span>\n\t\t\t\t\t<\/a>\n\t\t<\/div>\n\t\t\t\t<\/div>\n\t\t\t\t<\/div>\n\t\t\t\t\t<\/div>\n\t\t<\/div>\n\t\t\t\t<div class=\"elementor-column elementor-col-50 elementor-inner-column elementor-element elementor-element-b7e9e52\" data-id=\"b7e9e52\" data-element_type=\"column\">\n\t\t\t<div class=\"elementor-widget-wrap\">\n\t\t\t\t\t\t\t\t\t<\/div>\n\t\t<\/div>\n\t\t\t\t\t\t\t<\/div>\n\t\t<\/section>\n\t\t\t\t\t<\/div>\n\t\t<\/div>\n\t\t\t\t\t\t\t<\/div>\n\t\t<\/section>\n\t\t\t\t<section class=\"elementor-section elementor-top-section elementor-element elementor-element-8d865a5 elementor-section-boxed elementor-section-height-default elementor-section-height-default\" data-id=\"8d865a5\" data-element_type=\"section\">\n\t\t\t\t\t\t<div class=\"elementor-container elementor-column-gap-default\">\n\t\t\t\t\t<div class=\"elementor-column elementor-col-50 elementor-top-column elementor-element elementor-element-0485702\" data-id=\"0485702\" data-element_type=\"column\">\n\t\t\t<div class=\"elementor-widget-wrap elementor-element-populated\">\n\t\t\t\t\t\t\t\t<div class=\"elementor-element elementor-element-6eace06 elementor-widget elementor-widget-mdp-watcher-elementor\" data-id=\"6eace06\" data-element_type=\"widget\" data-widget_type=\"mdp-watcher-elementor.default\">\n\t\t\t\t<div class=\"elementor-widget-container\">\n\t\t\t<!-- Start Watcher for Elementor WordPress Plugin -->\n                <div \n                    class=\"mdp-watcher-elementor-box mdp-watcher-elementor-not-playlist\"\n                    data-controls=\"[&quot;playpause&quot;,&quot;current&quot;,&quot;progress&quot;,&quot;duration&quot;,&quot;volume&quot;,&quot;fullscreen&quot;]\"\n                    data-player-bool-settings=\"{&quot;enableAutosize&quot;:&quot;yes&quot;,&quot;alwaysShowControls&quot;:&quot;&quot;,&quot;hideVideoControlsOnLoad&quot;:&quot;&quot;,&quot;showPosterWhenEnded&quot;:&quot;&quot;,&quot;showPosterWhenPaused&quot;:&quot;&quot;,&quot;loop&quot;:&quot;&quot;,&quot;alwaysShowHours&quot;:&quot;&quot;,&quot;forceLive&quot;:&quot;&quot;,&quot;showPlaylist&quot;:null,&quot;enableKeyboard&quot;:&quot;yes&quot;,&quot;hideVolumeOnTouchDevices&quot;:&quot;yes&quot;,&quot;clickToPlayPause&quot;:&quot;yes&quot;,&quot;hideVideoControlsOnPause&quot;:&quot;no&quot;,&quot;pauseOtherPlayers&quot;:&quot;yes&quot;,&quot;useSmoothHover&quot;:&quot;yes&quot;}\"\n                    data-player-settings=\"{&quot;videoVolume&quot;:&quot;horizontal&quot;,&quot;controlsTimeoutDefault&quot;:569,&quot;videoHeight&quot;:300,&quot;controlsTimeoutMouseEnter&quot;:2086,&quot;controlsTimeoutMouseLeave&quot;:1000,&quot;startVolume&quot;:0.8,&quot;poster&quot;:&quot;&quot;,&quot;videoWidth&quot;:&quot;&quot;}\"\n                    data-source=\"external\"\n                    data-show-playlist-by-default=\"\"\n                ><div class=\"mdp-watcher-elementor-video-wrapper\">\n                        <video   id=\"mdp-watcher-elementor-player-6eace06\" width=\"100%\" >\n                            <source src=\"https:\/\/youtu.be\/mZrcob7L8w4\">\n                        <\/video>\n                    <\/div> <\/div>\n               <!-- End Watcher for Elementor WordPress Plugin -->\t\t<\/div>\n\t\t\t\t<\/div>\n\t\t\t\t\t<\/div>\n\t\t<\/div>\n\t\t\t\t<div class=\"elementor-column elementor-col-50 elementor-top-column elementor-element elementor-element-fc53d92\" data-id=\"fc53d92\" data-element_type=\"column\">\n\t\t\t<div class=\"elementor-widget-wrap elementor-element-populated\">\n\t\t\t\t\t\t\t\t<div class=\"elementor-element elementor-element-097344f elementor-widget__width-initial elementor-widget elementor-widget-text-editor\" data-id=\"097344f\" data-element_type=\"widget\" data-widget_type=\"text-editor.default\">\n\t\t\t\t<div class=\"elementor-widget-container\">\n\t\t\t\t\t\t\t<p><span style=\"font-size: 12pt; font-family: Roboto, sans-serif; color: #303030; background-color: transparent; font-variant: normal; vertical-align: baseline; white-space: pre-wrap;\">Las nuevas t\u00e9cnicas de radioterapia reducen la toxicidad y aseguran una mayor precisi\u00f3n. Es fundamental la clasificaci\u00f3n molecular en c\u00e1ncer de endometrio para orientar la terapia. La inmunoterapia (terapias sustitutivas) est\u00e1 mostrando una buena respuesta, y la prioridad es reducir las disparidades, contener los costos y mejorar la supervivencia de las pacientes en situaciones de alto riesgo<\/span><\/p>\t\t\t\t\t\t<\/div>\n\t\t\t\t<\/div>\n\t\t\t\t<section class=\"elementor-section elementor-inner-section elementor-element elementor-element-a86ea4e elementor-section-boxed elementor-section-height-default elementor-section-height-default\" data-id=\"a86ea4e\" data-element_type=\"section\">\n\t\t\t\t\t\t<div class=\"elementor-container elementor-column-gap-default\">\n\t\t\t\t\t<div class=\"elementor-column elementor-col-50 elementor-inner-column elementor-element elementor-element-45202a3\" data-id=\"45202a3\" data-element_type=\"column\">\n\t\t\t<div class=\"elementor-widget-wrap elementor-element-populated\">\n\t\t\t\t\t\t\t\t<div class=\"elementor-element elementor-element-14156d0 elementor-align-left elementor-widget elementor-widget-button\" data-id=\"14156d0\" data-element_type=\"widget\" data-widget_type=\"button.default\">\n\t\t\t\t<div class=\"elementor-widget-container\">\n\t\t\t\t\t<div class=\"elementor-button-wrapper\">\n\t\t\t<a class=\"elementor-button elementor-button-link elementor-size-sm\" href=\"https:\/\/youtu.be\/mZrcob7L8w4\" target=\"_blank\">\n\t\t\t\t\t\t<span class=\"elementor-button-content-wrapper\">\n\t\t\t\t\t\t<span class=\"elementor-button-text\">Ver M\u00e1s!<\/span>\n\t\t<\/span>\n\t\t\t\t\t<\/a>\n\t\t<\/div>\n\t\t\t\t<\/div>\n\t\t\t\t<\/div>\n\t\t\t\t\t<\/div>\n\t\t<\/div>\n\t\t\t\t<div class=\"elementor-column elementor-col-50 elementor-inner-column elementor-element elementor-element-e2dfce2\" data-id=\"e2dfce2\" data-element_type=\"column\">\n\t\t\t<div class=\"elementor-widget-wrap\">\n\t\t\t\t\t\t\t\t\t<\/div>\n\t\t<\/div>\n\t\t\t\t\t\t\t<\/div>\n\t\t<\/section>\n\t\t\t\t\t<\/div>\n\t\t<\/div>\n\t\t\t\t\t\t\t<\/div>\n\t\t<\/section>\n\t\t\t\t<section class=\"elementor-section elementor-top-section elementor-element elementor-element-fee408f elementor-hidden-desktop elementor-hidden-tablet elementor-hidden-mobile elementor-section-boxed elementor-section-height-default elementor-section-height-default\" data-id=\"fee408f\" data-element_type=\"section\">\n\t\t\t\t\t\t<div class=\"elementor-container elementor-column-gap-default\">\n\t\t\t\t\t<div class=\"elementor-column elementor-col-50 elementor-top-column elementor-element elementor-element-236ea17\" data-id=\"236ea17\" data-element_type=\"column\">\n\t\t\t<div class=\"elementor-widget-wrap elementor-element-populated\">\n\t\t\t\t\t\t\t\t<div class=\"elementor-element elementor-element-2d63c08 elementor-widget elementor-widget-video\" data-id=\"2d63c08\" data-element_type=\"widget\" data-settings=\"{&quot;youtube_url&quot;:&quot;https:\\\/\\\/www.youtube.com\\\/watch?v=OHudZAX81mU&amp;t=7s&quot;,&quot;show_image_overlay&quot;:&quot;yes&quot;,&quot;image_overlay&quot;:{&quot;url&quot;:&quot;https:\\\/\\\/drwalterarboleda.com\\\/wp-content\\\/uploads\\\/2024\\\/01\\\/portada.png&quot;,&quot;id&quot;:2163,&quot;size&quot;:&quot;&quot;,&quot;alt&quot;:&quot;&quot;,&quot;source&quot;:&quot;library&quot;},&quot;video_type&quot;:&quot;youtube&quot;,&quot;controls&quot;:&quot;yes&quot;}\" data-widget_type=\"video.default\">\n\t\t\t\t<div class=\"elementor-widget-container\">\n\t\t\t<style>\/*! elementor - v3.15.0 - 20-08-2023 *\/\n.elementor-widget-video .elementor-widget-container{overflow:hidden;transform:translateZ(0)}.elementor-widget-video .elementor-wrapper{aspect-ratio:var(--video-aspect-ratio)}.elementor-widget-video .elementor-wrapper iframe,.elementor-widget-video .elementor-wrapper video{height:100%;width:100%;display:flex;border:none;background-color:#000}@supports not (aspect-ratio:1\/1){.elementor-widget-video .elementor-wrapper{position:relative;overflow:hidden;height:0;padding-bottom:calc(100% \/ var(--video-aspect-ratio))}.elementor-widget-video .elementor-wrapper iframe,.elementor-widget-video .elementor-wrapper video{position:absolute;top:0;right:0;bottom:0;left:0}}.elementor-widget-video .elementor-open-inline .elementor-custom-embed-image-overlay{position:absolute;top:0;right:0;bottom:0;left:0;background-size:cover;background-position:50%}.elementor-widget-video .elementor-custom-embed-image-overlay{cursor:pointer;text-align:center}.elementor-widget-video .elementor-custom-embed-image-overlay:hover .elementor-custom-embed-play i{opacity:1}.elementor-widget-video .elementor-custom-embed-image-overlay img{display:block;width:100%;aspect-ratio:var(--video-aspect-ratio);-o-object-fit:cover;object-fit:cover;-o-object-position:center center;object-position:center center}@supports not (aspect-ratio:1\/1){.elementor-widget-video .elementor-custom-embed-image-overlay{position:relative;overflow:hidden;height:0;padding-bottom:calc(100% \/ var(--video-aspect-ratio))}.elementor-widget-video .elementor-custom-embed-image-overlay img{position:absolute;top:0;right:0;bottom:0;left:0}}.elementor-widget-video .e-hosted-video .elementor-video{-o-object-fit:cover;object-fit:cover}.e-con-inner>.elementor-widget-video,.e-con>.elementor-widget-video{width:var(--container-widget-width);--flex-grow:var(--container-widget-flex-grow)}<\/style>\t\t<div class=\"elementor-wrapper elementor-open-inline\">\n\t\t\t<div class=\"elementor-video\"><\/div>\t\t\t\t<div class=\"elementor-custom-embed-image-overlay\" style=\"background-image: url(https:\/\/drwalterarboleda.com\/wp-content\/uploads\/2024\/01\/portada.png);\">\n\t\t\t\t\t\t\t\t\t\t\t\t\t\t\t\t<div class=\"elementor-custom-embed-play\" role=\"button\" aria-label=\"Reproducir v\u00eddeo\" tabindex=\"0\">\n\t\t\t\t\t\t\t<i aria-hidden=\"true\" class=\"eicon-play\"><\/i>\t\t\t\t\t\t\t<span class=\"elementor-screen-only\">Reproducir v\u00eddeo<\/span>\n\t\t\t\t\t\t<\/div>\n\t\t\t\t\t\t\t\t\t<\/div>\n\t\t\t\t\t<\/div>\n\t\t\t\t<\/div>\n\t\t\t\t<\/div>\n\t\t\t\t\t<\/div>\n\t\t<\/div>\n\t\t\t\t<div class=\"elementor-column elementor-col-50 elementor-top-column elementor-element elementor-element-ef0f1df\" data-id=\"ef0f1df\" data-element_type=\"column\">\n\t\t\t<div class=\"elementor-widget-wrap elementor-element-populated\">\n\t\t\t\t\t\t\t\t<div class=\"elementor-element elementor-element-ab781c4 elementor-widget elementor-widget-video\" data-id=\"ab781c4\" data-element_type=\"widget\" data-settings=\"{&quot;youtube_url&quot;:&quot;https:\\\/\\\/www.youtube.com\\\/watch?v=XHOmBV4js_E&quot;,&quot;show_image_overlay&quot;:&quot;yes&quot;,&quot;image_overlay&quot;:{&quot;url&quot;:&quot;https:\\\/\\\/drwalterarboleda.com\\\/wp-content\\\/uploads\\\/2024\\\/01\\\/portada.png&quot;,&quot;id&quot;:2163,&quot;size&quot;:&quot;&quot;,&quot;alt&quot;:&quot;&quot;,&quot;source&quot;:&quot;library&quot;},&quot;video_type&quot;:&quot;youtube&quot;,&quot;controls&quot;:&quot;yes&quot;}\" data-widget_type=\"video.default\">\n\t\t\t\t<div class=\"elementor-widget-container\">\n\t\t\t\t\t<div class=\"elementor-wrapper elementor-open-inline\">\n\t\t\t<div class=\"elementor-video\"><\/div>\t\t\t\t<div class=\"elementor-custom-embed-image-overlay\" style=\"background-image: url(https:\/\/drwalterarboleda.com\/wp-content\/uploads\/2024\/01\/portada.png);\">\n\t\t\t\t\t\t\t\t\t\t\t\t\t\t\t\t<div class=\"elementor-custom-embed-play\" role=\"button\" aria-label=\"Reproducir v\u00eddeo\" tabindex=\"0\">\n\t\t\t\t\t\t\t<i aria-hidden=\"true\" class=\"eicon-play\"><\/i>\t\t\t\t\t\t\t<span class=\"elementor-screen-only\">Reproducir v\u00eddeo<\/span>\n\t\t\t\t\t\t<\/div>\n\t\t\t\t\t\t\t\t\t<\/div>\n\t\t\t\t\t<\/div>\n\t\t\t\t<\/div>\n\t\t\t\t<\/div>\n\t\t\t\t\t<\/div>\n\t\t<\/div>\n\t\t\t\t\t\t\t<\/div>\n\t\t<\/section>\n\t\t\t\t<section class=\"elementor-section elementor-top-section elementor-element elementor-element-5ca4a45 elementor-section-boxed elementor-section-height-default elementor-section-height-default\" data-id=\"5ca4a45\" data-element_type=\"section\">\n\t\t\t\t\t\t<div class=\"elementor-container elementor-column-gap-default\">\n\t\t\t\t\t<div class=\"elementor-column elementor-col-100 elementor-top-column elementor-element elementor-element-39dd7a0\" data-id=\"39dd7a0\" data-element_type=\"column\">\n\t\t\t<div class=\"elementor-widget-wrap elementor-element-populated\">\n\t\t\t\t\t\t\t\t<div class=\"elementor-element elementor-element-2a28a2b elementor-widget elementor-widget-spacer\" data-id=\"2a28a2b\" data-element_type=\"widget\" data-widget_type=\"spacer.default\">\n\t\t\t\t<div class=\"elementor-widget-container\">\n\t\t\t<style>\/*! elementor - v3.15.0 - 20-08-2023 *\/\n.elementor-column .elementor-spacer-inner{height:var(--spacer-size)}.e-con{--container-widget-width:100%}.e-con-inner>.elementor-widget-spacer,.e-con>.elementor-widget-spacer{width:var(--container-widget-width,var(--spacer-size));--align-self:var(--container-widget-align-self,initial);--flex-shrink:0}.e-con-inner>.elementor-widget-spacer>.elementor-widget-container,.e-con-inner>.elementor-widget-spacer>.elementor-widget-container>.elementor-spacer,.e-con>.elementor-widget-spacer>.elementor-widget-container,.e-con>.elementor-widget-spacer>.elementor-widget-container>.elementor-spacer{height:100%}.e-con-inner>.elementor-widget-spacer>.elementor-widget-container>.elementor-spacer>.elementor-spacer-inner,.e-con>.elementor-widget-spacer>.elementor-widget-container>.elementor-spacer>.elementor-spacer-inner{height:var(--container-widget-height,var(--spacer-size))}<\/style>\t\t<div class=\"elementor-spacer\">\n\t\t\t<div class=\"elementor-spacer-inner\"><\/div>\n\t\t<\/div>\n\t\t\t\t<\/div>\n\t\t\t\t<\/div>\n\t\t\t\t\t<\/div>\n\t\t<\/div>\n\t\t\t\t\t\t\t<\/div>\n\t\t<\/section>\n\t\t\t\t<section class=\"elementor-section elementor-top-section elementor-element elementor-element-5c2c07c elementor-section-boxed elementor-section-height-default elementor-section-height-default\" data-id=\"5c2c07c\" data-element_type=\"section\">\n\t\t\t\t\t\t<div class=\"elementor-container elementor-column-gap-default\">\n\t\t\t\t\t<div class=\"elementor-column elementor-col-100 elementor-top-column elementor-element elementor-element-6c6f368\" data-id=\"6c6f368\" data-element_type=\"column\">\n\t\t\t<div class=\"elementor-widget-wrap elementor-element-populated\">\n\t\t\t\t\t\t\t\t<div class=\"elementor-element elementor-element-c175ea1 elementor-align-center elementor-widget elementor-widget-button\" data-id=\"c175ea1\" data-element_type=\"widget\" data-widget_type=\"button.default\">\n\t\t\t\t<div class=\"elementor-widget-container\">\n\t\t\t\t\t<div class=\"elementor-button-wrapper\">\n\t\t\t<a class=\"elementor-button elementor-button-link elementor-size-sm\" href=\"https:\/\/www.youtube.com\/@OncosaludIPS\">\n\t\t\t\t\t\t<span class=\"elementor-button-content-wrapper\">\n\t\t\t\t\t\t<span class=\"elementor-button-text\">VER M\u00c1S EN YOUTUBE!<\/span>\n\t\t<\/span>\n\t\t\t\t\t<\/a>\n\t\t<\/div>\n\t\t\t\t<\/div>\n\t\t\t\t<\/div>\n\t\t\t\t\t<\/div>\n\t\t<\/div>\n\t\t\t\t\t\t\t<\/div>\n\t\t<\/section>\n\t\t\t\t\t\t\t<\/div>\n\t\t","protected":false},"excerpt":{"rendered":"<p>C\u00e1psulas M\u00e9dicas&#8230; La cirug\u00eda en el c\u00e1ncer de ovario recurrente es valiosa, especialmente despu\u00e9s del progreso de terapias de primera l\u00ednea, y su objetivo crucial es lograr la Recepci\u00f3n Macrosc\u00f3pica Completa (RMC), que act\u00faa como un fuerte predictor independiente de supervivencia. La selecci\u00f3n estricta de pacientes es obligatoria, utilizando criterios como la puntuaci\u00f3n AGO o &hellip;<\/p>\n<p class=\"read-more\"> <a class=\"\" href=\"https:\/\/drwalterarboleda.com\/index.php\/copy-testimonios\/\"> <span class=\"screen-reader-text\">C\u00e1psulas M\u00e9dicas<\/span> Leer m\u00e1s &raquo;<\/a><\/p>\n","protected":false},"author":1,"featured_media":0,"parent":0,"menu_order":0,"comment_status":"closed","ping_status":"closed","template":"","meta":{"site-sidebar-layout":"no-sidebar","site-content-layout":"page-builder","ast-site-content-layout":"full-width-container","site-content-style":"unboxed","site-sidebar-style":"unboxed","ast-global-header-display":"","ast-banner-title-visibility":"","ast-main-header-display":"","ast-hfb-above-header-display":"","ast-hfb-below-header-display":"","ast-hfb-mobile-header-display":"","site-post-title":"disabled","ast-breadcrumbs-content":"","ast-featured-img":"","footer-sml-layout":"","theme-transparent-header-meta":"enabled","adv-header-id-meta":"","stick-header-meta":"","header-above-stick-meta":"","header-main-stick-meta":"","header-below-stick-meta":"","astra-migrate-meta-layouts":"set","footnotes":""},"aioseo_notices":[],"_links":{"self":[{"href":"https:\/\/drwalterarboleda.com\/index.php\/wp-json\/wp\/v2\/pages\/2161"}],"collection":[{"href":"https:\/\/drwalterarboleda.com\/index.php\/wp-json\/wp\/v2\/pages"}],"about":[{"href":"https:\/\/drwalterarboleda.com\/index.php\/wp-json\/wp\/v2\/types\/page"}],"author":[{"embeddable":true,"href":"https:\/\/drwalterarboleda.com\/index.php\/wp-json\/wp\/v2\/users\/1"}],"replies":[{"embeddable":true,"href":"https:\/\/drwalterarboleda.com\/index.php\/wp-json\/wp\/v2\/comments?post=2161"}],"version-history":[{"count":77,"href":"https:\/\/drwalterarboleda.com\/index.php\/wp-json\/wp\/v2\/pages\/2161\/revisions"}],"predecessor-version":[{"id":12126,"href":"https:\/\/drwalterarboleda.com\/index.php\/wp-json\/wp\/v2\/pages\/2161\/revisions\/12126"}],"wp:attachment":[{"href":"https:\/\/drwalterarboleda.com\/index.php\/wp-json\/wp\/v2\/media?parent=2161"}],"curies":[{"name":"wp","href":"https:\/\/api.w.org\/{rel}","templated":true}]}}