{"id":12127,"date":"2026-05-04T19:43:34","date_gmt":"2026-05-04T17:43:34","guid":{"rendered":"https:\/\/drwalterarboleda.com\/?page_id=12127"},"modified":"2026-05-04T19:53:13","modified_gmt":"2026-05-04T17:53:13","slug":"antes-y-despues","status":"publish","type":"page","link":"https:\/\/drwalterarboleda.com\/index.php\/antes-y-despues\/","title":{"rendered":"Antes y Despu\u00e9s"},"content":{"rendered":"\t\t<div data-elementor-type=\"wp-page\" data-elementor-id=\"12127\" class=\"elementor elementor-12127\">\n\t\t\t\t\t\t\t\t\t<section class=\"elementor-section elementor-top-section elementor-element elementor-element-fbd8b85 elementor-section-boxed elementor-section-height-default elementor-section-height-default\" data-id=\"fbd8b85\" data-element_type=\"section\" data-settings=\"{&quot;background_background&quot;:&quot;classic&quot;}\">\n\t\t\t\t\t\t<div class=\"elementor-container elementor-column-gap-no\">\n\t\t\t\t\t<div class=\"elementor-column elementor-col-100 elementor-top-column elementor-element elementor-element-12023fb\" data-id=\"12023fb\" data-element_type=\"column\">\n\t\t\t<div class=\"elementor-widget-wrap\">\n\t\t\t\t\t\t\t\t\t<\/div>\n\t\t<\/div>\n\t\t\t\t\t\t\t<\/div>\n\t\t<\/section>\n\t\t\t\t<section class=\"elementor-section elementor-top-section elementor-element elementor-element-dbe37bf elementor-section-boxed elementor-section-height-default elementor-section-height-default\" data-id=\"dbe37bf\" data-element_type=\"section\">\n\t\t\t\t\t\t<div class=\"elementor-container elementor-column-gap-default\">\n\t\t\t\t\t<div class=\"elementor-column elementor-col-100 elementor-top-column elementor-element elementor-element-d44dd41\" data-id=\"d44dd41\" data-element_type=\"column\">\n\t\t\t<div class=\"elementor-widget-wrap elementor-element-populated\">\n\t\t\t\t\t\t\t\t<section class=\"elementor-section elementor-inner-section elementor-element elementor-element-1e88461 elementor-section-boxed elementor-section-height-default elementor-section-height-default\" data-id=\"1e88461\" data-element_type=\"section\">\n\t\t\t\t\t\t<div class=\"elementor-container elementor-column-gap-no\">\n\t\t\t\t\t<div class=\"elementor-column elementor-col-100 elementor-inner-column elementor-element elementor-element-31defa0\" data-id=\"31defa0\" data-element_type=\"column\">\n\t\t\t<div class=\"elementor-widget-wrap elementor-element-populated\">\n\t\t\t\t\t\t\t\t<div class=\"elementor-element elementor-element-553ffcf elementor-widget elementor-widget-heading\" data-id=\"553ffcf\" data-element_type=\"widget\" data-widget_type=\"heading.default\">\n\t\t\t\t<div class=\"elementor-widget-container\">\n\t\t\t<style>\/*! elementor - v3.15.0 - 20-08-2023 *\/\n.elementor-heading-title{padding:0;margin:0;line-height:1}.elementor-widget-heading .elementor-heading-title[class*=elementor-size-]>a{color:inherit;font-size:inherit;line-height:inherit}.elementor-widget-heading .elementor-heading-title.elementor-size-small{font-size:15px}.elementor-widget-heading .elementor-heading-title.elementor-size-medium{font-size:19px}.elementor-widget-heading .elementor-heading-title.elementor-size-large{font-size:29px}.elementor-widget-heading .elementor-heading-title.elementor-size-xl{font-size:39px}.elementor-widget-heading .elementor-heading-title.elementor-size-xxl{font-size:59px}<\/style><h6 class=\"elementor-heading-title elementor-size-default\">SERVICIOS<\/h6>\t\t<\/div>\n\t\t\t\t<\/div>\n\t\t\t\t<div class=\"elementor-element elementor-element-bb3ba3b elementor-widget elementor-widget-heading\" data-id=\"bb3ba3b\" data-element_type=\"widget\" data-widget_type=\"heading.default\">\n\t\t\t\t<div class=\"elementor-widget-container\">\n\t\t\t<h1 class=\"elementor-heading-title elementor-size-default\">ANTES Y DESP\u00daES<\/h1>\t\t<\/div>\n\t\t\t\t<\/div>\n\t\t\t\t<div class=\"elementor-element elementor-element-22dac59 elementor-widget elementor-widget-text-editor\" data-id=\"22dac59\" data-element_type=\"widget\" data-widget_type=\"text-editor.default\">\n\t\t\t\t<div class=\"elementor-widget-container\">\n\t\t\t<style>\/*! elementor - v3.15.0 - 20-08-2023 *\/\n.elementor-widget-text-editor.elementor-drop-cap-view-stacked .elementor-drop-cap{background-color:#69727d;color:#fff}.elementor-widget-text-editor.elementor-drop-cap-view-framed .elementor-drop-cap{color:#69727d;border:3px solid;background-color:transparent}.elementor-widget-text-editor:not(.elementor-drop-cap-view-default) .elementor-drop-cap{margin-top:8px}.elementor-widget-text-editor:not(.elementor-drop-cap-view-default) .elementor-drop-cap-letter{width:1em;height:1em}.elementor-widget-text-editor .elementor-drop-cap{float:left;text-align:center;line-height:1;font-size:50px}.elementor-widget-text-editor .elementor-drop-cap-letter{display:inline-block}<\/style>\t\t\t\t<p style=\"text-align: center;\"><strong>Estamos aqu\u00ed para restaurar tu confianza y tu calidad de vida.<\/strong><\/p>\t\t\t\t\t\t<\/div>\n\t\t\t\t<\/div>\n\t\t\t\t\t<\/div>\n\t\t<\/div>\n\t\t\t\t\t\t\t<\/div>\n\t\t<\/section>\n\t\t\t\t\t<\/div>\n\t\t<\/div>\n\t\t\t\t\t\t\t<\/div>\n\t\t<\/section>\n\t\t\t\t<section class=\"elementor-section elementor-top-section elementor-element elementor-element-5429e82 elementor-section-boxed elementor-section-height-default elementor-section-height-default\" data-id=\"5429e82\" data-element_type=\"section\">\n\t\t\t\t\t\t<div class=\"elementor-container elementor-column-gap-default\">\n\t\t\t\t\t<div class=\"elementor-column elementor-col-50 elementor-top-column elementor-element elementor-element-e82df9a\" data-id=\"e82df9a\" data-element_type=\"column\">\n\t\t\t<div class=\"elementor-widget-wrap elementor-element-populated\">\n\t\t\t\t\t\t\t\t<div class=\"elementor-element elementor-element-64f22af elementor-widget__width-initial elementor-widget elementor-widget-text-editor\" data-id=\"64f22af\" data-element_type=\"widget\" data-widget_type=\"text-editor.default\">\n\t\t\t\t<div class=\"elementor-widget-container\">\n\t\t\t\t\t\t\t<p style=\"text-align: center;\">Paciente a la cual se le realiza<br \/><strong>mamoplastia de reducci\u00f3n.<\/strong><\/p>\t\t\t\t\t\t<\/div>\n\t\t\t\t<\/div>\n\t\t\t\t<div class=\"elementor-element elementor-element-7ec7e28 elementor-widget elementor-widget-aic-image-comparison\" data-id=\"7ec7e28\" data-element_type=\"widget\" data-widget_type=\"aic-image-comparison.default\">\n\t\t\t\t<div class=\"elementor-widget-container\">\n\t\t\t        \n        <div id=\"aic-image-comparison-7ec7e28\" class=\"aic-image-container\" data-offset=\"0.5\" data-orientation=\"horizontal\" data-before_label=\"Before\" data-after_label=\"After\" data-overlay=\"no\" data-onhover=\"yes\" data-click_to_move=\"no\">\n\t\t\t<img decoding=\"async\" class=\"aic-before-img\" alt=\"Before image alt\" src=\"https:\/\/drwalterarboleda.com\/wp-content\/uploads\/2026\/04\/pc61.jpg\">\n\t\t\t<img decoding=\"async\" class=\"aic-after-img\" alt=\"After image alt\" src=\"https:\/\/drwalterarboleda.com\/wp-content\/uploads\/2026\/04\/pc62.jpg\">\n        <\/div>\n\n        \t\t<\/div>\n\t\t\t\t<\/div>\n\t\t\t\t\t<\/div>\n\t\t<\/div>\n\t\t\t\t<div class=\"elementor-column elementor-col-50 elementor-top-column elementor-element elementor-element-d0af1e5\" data-id=\"d0af1e5\" data-element_type=\"column\">\n\t\t\t<div class=\"elementor-widget-wrap elementor-element-populated\">\n\t\t\t\t\t\t\t\t<div class=\"elementor-element elementor-element-198f6a4 elementor-widget elementor-widget-video\" data-id=\"198f6a4\" data-element_type=\"widget\" data-settings=\"{&quot;video_type&quot;:&quot;hosted&quot;,&quot;autoplay&quot;:&quot;yes&quot;,&quot;play_on_mobile&quot;:&quot;yes&quot;,&quot;mute&quot;:&quot;yes&quot;,&quot;loop&quot;:&quot;yes&quot;}\" data-widget_type=\"video.default\">\n\t\t\t\t<div class=\"elementor-widget-container\">\n\t\t\t<style>\/*! elementor - v3.15.0 - 20-08-2023 *\/\n.elementor-widget-video .elementor-widget-container{overflow:hidden;transform:translateZ(0)}.elementor-widget-video .elementor-wrapper{aspect-ratio:var(--video-aspect-ratio)}.elementor-widget-video .elementor-wrapper iframe,.elementor-widget-video .elementor-wrapper video{height:100%;width:100%;display:flex;border:none;background-color:#000}@supports not (aspect-ratio:1\/1){.elementor-widget-video .elementor-wrapper{position:relative;overflow:hidden;height:0;padding-bottom:calc(100% \/ var(--video-aspect-ratio))}.elementor-widget-video .elementor-wrapper iframe,.elementor-widget-video .elementor-wrapper video{position:absolute;top:0;right:0;bottom:0;left:0}}.elementor-widget-video .elementor-open-inline .elementor-custom-embed-image-overlay{position:absolute;top:0;right:0;bottom:0;left:0;background-size:cover;background-position:50%}.elementor-widget-video .elementor-custom-embed-image-overlay{cursor:pointer;text-align:center}.elementor-widget-video .elementor-custom-embed-image-overlay:hover .elementor-custom-embed-play i{opacity:1}.elementor-widget-video .elementor-custom-embed-image-overlay img{display:block;width:100%;aspect-ratio:var(--video-aspect-ratio);-o-object-fit:cover;object-fit:cover;-o-object-position:center center;object-position:center center}@supports not (aspect-ratio:1\/1){.elementor-widget-video .elementor-custom-embed-image-overlay{position:relative;overflow:hidden;height:0;padding-bottom:calc(100% \/ var(--video-aspect-ratio))}.elementor-widget-video .elementor-custom-embed-image-overlay img{position:absolute;top:0;right:0;bottom:0;left:0}}.elementor-widget-video .e-hosted-video .elementor-video{-o-object-fit:cover;object-fit:cover}.e-con-inner>.elementor-widget-video,.e-con>.elementor-widget-video{width:var(--container-widget-width);--flex-grow:var(--container-widget-flex-grow)}<\/style>\t\t<div class=\"e-hosted-video elementor-wrapper elementor-open-inline\">\n\t\t\t\t\t<video class=\"elementor-video\" src=\"https:\/\/drwalterarboleda.com\/wp-content\/uploads\/2026\/04\/0420.mov\" autoplay=\"\" loop=\"\" muted=\"muted\" playsinline=\"\" controlsList=\"nodownload\"><\/video>\n\t\t\t\t<\/div>\n\t\t\t\t<\/div>\n\t\t\t\t<\/div>\n\t\t\t\t\t<\/div>\n\t\t<\/div>\n\t\t\t\t\t\t\t<\/div>\n\t\t<\/section>\n\t\t\t\t<section class=\"elementor-section elementor-top-section elementor-element elementor-element-81d00dc elementor-section-boxed elementor-section-height-default elementor-section-height-default\" data-id=\"81d00dc\" data-element_type=\"section\">\n\t\t\t\t\t\t<div class=\"elementor-container elementor-column-gap-default\">\n\t\t\t\t\t<div class=\"elementor-column elementor-col-50 elementor-top-column elementor-element elementor-element-03b6eb8\" data-id=\"03b6eb8\" data-element_type=\"column\">\n\t\t\t<div class=\"elementor-widget-wrap elementor-element-populated\">\n\t\t\t\t\t\t\t\t<div class=\"elementor-element elementor-element-f810b6f elementor-widget__width-initial elementor-widget elementor-widget-text-editor\" data-id=\"f810b6f\" data-element_type=\"widget\" data-widget_type=\"text-editor.default\">\n\t\t\t\t<div class=\"elementor-widget-container\">\n\t\t\t\t\t\t\t<p style=\"text-align: center;\">Paciente de 29 a\u00f1os con <strong>hipertrofia mamaria bilaterial<\/strong> a quien se le realiza <strong>mamoplastia de reducci\u00f3n.<\/strong><br \/><strong>(D\u00eda 60 postoperatorio)<\/strong><\/p>\t\t\t\t\t\t<\/div>\n\t\t\t\t<\/div>\n\t\t\t\t<div class=\"elementor-element elementor-element-ed69680 elementor-widget elementor-widget-aic-image-comparison\" data-id=\"ed69680\" data-element_type=\"widget\" data-widget_type=\"aic-image-comparison.default\">\n\t\t\t\t<div class=\"elementor-widget-container\">\n\t\t\t        \n        <div id=\"aic-image-comparison-ed69680\" class=\"aic-image-container\" data-offset=\"0.5\" data-orientation=\"horizontal\" data-before_label=\"Before\" data-after_label=\"After\" data-overlay=\"no\" data-onhover=\"yes\" data-click_to_move=\"no\">\n\t\t\t<img decoding=\"async\" class=\"aic-before-img\" alt=\"Before image alt\" src=\"https:\/\/drwalterarboleda.com\/wp-content\/uploads\/2025\/12\/pc2.jpg\">\n\t\t\t<img decoding=\"async\" class=\"aic-after-img\" alt=\"After image alt\" src=\"https:\/\/drwalterarboleda.com\/wp-content\/uploads\/2025\/12\/pc22.jpg\">\n        <\/div>\n\n        \t\t<\/div>\n\t\t\t\t<\/div>\n\t\t\t\t\t<\/div>\n\t\t<\/div>\n\t\t\t\t<div class=\"elementor-column elementor-col-50 elementor-top-column elementor-element elementor-element-bd82b6b\" data-id=\"bd82b6b\" data-element_type=\"column\">\n\t\t\t<div class=\"elementor-widget-wrap elementor-element-populated\">\n\t\t\t\t\t\t\t\t<div class=\"elementor-element elementor-element-e2698dd elementor-widget elementor-widget-video\" data-id=\"e2698dd\" data-element_type=\"widget\" data-settings=\"{&quot;video_type&quot;:&quot;hosted&quot;,&quot;autoplay&quot;:&quot;yes&quot;,&quot;play_on_mobile&quot;:&quot;yes&quot;,&quot;mute&quot;:&quot;yes&quot;,&quot;loop&quot;:&quot;yes&quot;}\" data-widget_type=\"video.default\">\n\t\t\t\t<div class=\"elementor-widget-container\">\n\t\t\t\t\t<div class=\"e-hosted-video elementor-wrapper elementor-open-inline\">\n\t\t\t\t\t<video class=\"elementor-video\" src=\"https:\/\/drwalterarboleda.com\/wp-content\/uploads\/2026\/02\/ANTESYDESPUES.mp4\" autoplay=\"\" loop=\"\" muted=\"muted\" playsinline=\"\" controlsList=\"nodownload\"><\/video>\n\t\t\t\t<\/div>\n\t\t\t\t<\/div>\n\t\t\t\t<\/div>\n\t\t\t\t\t<\/div>\n\t\t<\/div>\n\t\t\t\t\t\t\t<\/div>\n\t\t<\/section>\n\t\t\t\t<section class=\"elementor-section elementor-top-section elementor-element elementor-element-73e6d5e elementor-section-boxed elementor-section-height-default elementor-section-height-default\" data-id=\"73e6d5e\" data-element_type=\"section\">\n\t\t\t\t\t\t<div class=\"elementor-container elementor-column-gap-default\">\n\t\t\t\t\t<div class=\"elementor-column elementor-col-50 elementor-top-column elementor-element elementor-element-b586213\" data-id=\"b586213\" data-element_type=\"column\">\n\t\t\t<div class=\"elementor-widget-wrap elementor-element-populated\">\n\t\t\t\t\t\t\t\t<div class=\"elementor-element elementor-element-0f61afc elementor-widget elementor-widget-aic-image-comparison\" data-id=\"0f61afc\" data-element_type=\"widget\" data-widget_type=\"aic-image-comparison.default\">\n\t\t\t\t<div class=\"elementor-widget-container\">\n\t\t\t        \n        <div id=\"aic-image-comparison-0f61afc\" class=\"aic-image-container\" data-offset=\"0.5\" data-orientation=\"horizontal\" data-before_label=\"Before\" data-after_label=\"After\" data-overlay=\"no\" data-onhover=\"yes\" data-click_to_move=\"no\">\n\t\t\t<img decoding=\"async\" class=\"aic-before-img\" alt=\"Before image alt\" src=\"https:\/\/drwalterarboleda.com\/wp-content\/uploads\/2025\/12\/pc1.jpg\">\n\t\t\t<img decoding=\"async\" class=\"aic-after-img\" alt=\"After image alt\" src=\"https:\/\/drwalterarboleda.com\/wp-content\/uploads\/2025\/12\/pc12-2.jpg\">\n        <\/div>\n\n        \t\t<\/div>\n\t\t\t\t<\/div>\n\t\t\t\t<div class=\"elementor-element elementor-element-5c96123 elementor-widget__width-initial elementor-widget elementor-widget-text-editor\" data-id=\"5c96123\" data-element_type=\"widget\" data-widget_type=\"text-editor.default\">\n\t\t\t\t<div class=\"elementor-widget-container\">\n\t\t\t\t\t\t\t<p style=\"text-align: center;\">Paciente con <strong>antecedente de mamoplastia<\/strong> <strong>de aumento<\/strong>\u00a0 se realiza revisi\u00f3n secundaria de la misma.<br \/>Protesis de 400 CC<br \/><strong>(D\u00eda 60 postoperatorio)<\/strong><\/p>\t\t\t\t\t\t<\/div>\n\t\t\t\t<\/div>\n\t\t\t\t\t<\/div>\n\t\t<\/div>\n\t\t\t\t<div class=\"elementor-column elementor-col-50 elementor-top-column elementor-element elementor-element-d598d7e\" data-id=\"d598d7e\" data-element_type=\"column\">\n\t\t\t<div class=\"elementor-widget-wrap elementor-element-populated\">\n\t\t\t\t\t\t\t\t<div class=\"elementor-element elementor-element-2173ad7 elementor-widget elementor-widget-aic-image-comparison\" data-id=\"2173ad7\" data-element_type=\"widget\" data-widget_type=\"aic-image-comparison.default\">\n\t\t\t\t<div class=\"elementor-widget-container\">\n\t\t\t        \n        <div id=\"aic-image-comparison-2173ad7\" class=\"aic-image-container\" data-offset=\"0.5\" data-orientation=\"horizontal\" data-before_label=\"Before\" data-after_label=\"After\" data-overlay=\"no\" data-onhover=\"yes\" data-click_to_move=\"no\">\n\t\t\t<img decoding=\"async\" class=\"aic-before-img\" alt=\"Before image alt\" src=\"https:\/\/drwalterarboleda.com\/wp-content\/uploads\/2026\/02\/PC51.jpg\">\n\t\t\t<img decoding=\"async\" class=\"aic-after-img\" alt=\"After image alt\" src=\"https:\/\/drwalterarboleda.com\/wp-content\/uploads\/2026\/02\/PC52.jpg\">\n        <\/div>\n\n        \t\t<\/div>\n\t\t\t\t<\/div>\n\t\t\t\t<div class=\"elementor-element elementor-element-7b60299 elementor-widget__width-initial elementor-widget elementor-widget-text-editor\" data-id=\"7b60299\" data-element_type=\"widget\" data-widget_type=\"text-editor.default\">\n\t\t\t\t<div class=\"elementor-widget-container\">\n\t\t\t\t\t\t\t<p style=\"text-align: center;\">Paciente a quien se le realiza\u00a0<span style=\"font-weight: bold;\">Mamoplastia de reducci\u00f3n bilateral<\/span><br \/><strong>(D\u00eda 10 postoperatorio)<\/strong><\/p>\t\t\t\t\t\t<\/div>\n\t\t\t\t<\/div>\n\t\t\t\t\t<\/div>\n\t\t<\/div>\n\t\t\t\t\t\t\t<\/div>\n\t\t<\/section>\n\t\t\t\t<section class=\"elementor-section elementor-top-section elementor-element elementor-element-4bf14af elementor-section-boxed elementor-section-height-default elementor-section-height-default\" data-id=\"4bf14af\" data-element_type=\"section\">\n\t\t\t\t\t\t<div class=\"elementor-container elementor-column-gap-default\">\n\t\t\t\t\t<div class=\"elementor-column elementor-col-50 elementor-top-column elementor-element elementor-element-b28b3d6\" data-id=\"b28b3d6\" data-element_type=\"column\">\n\t\t\t<div class=\"elementor-widget-wrap elementor-element-populated\">\n\t\t\t\t\t\t\t\t<div class=\"elementor-element elementor-element-96428cd elementor-widget elementor-widget-aic-image-comparison\" data-id=\"96428cd\" data-element_type=\"widget\" data-widget_type=\"aic-image-comparison.default\">\n\t\t\t\t<div class=\"elementor-widget-container\">\n\t\t\t        \n        <div id=\"aic-image-comparison-96428cd\" class=\"aic-image-container\" data-offset=\"0.5\" data-orientation=\"horizontal\" data-before_label=\"Before\" data-after_label=\"After\" data-overlay=\"no\" data-onhover=\"yes\" data-click_to_move=\"no\">\n\t\t\t<img decoding=\"async\" class=\"aic-before-img\" alt=\"Before image alt\" src=\"https:\/\/drwalterarboleda.com\/wp-content\/uploads\/2025\/12\/pc3.jpg\">\n\t\t\t<img decoding=\"async\" class=\"aic-after-img\" alt=\"After image alt\" src=\"https:\/\/drwalterarboleda.com\/wp-content\/uploads\/2025\/12\/pc33.jpg\">\n        <\/div>\n\n        \t\t<\/div>\n\t\t\t\t<\/div>\n\t\t\t\t<div class=\"elementor-element elementor-element-e816c5b elementor-widget__width-initial elementor-widget elementor-widget-text-editor\" data-id=\"e816c5b\" data-element_type=\"widget\" data-widget_type=\"text-editor.default\">\n\t\t\t\t<div class=\"elementor-widget-container\">\n\t\t\t\t\t\t\t<p style=\"text-align: center;\">Paciente con <strong>ginecomastia<\/strong> a quien se le realiza <strong>lipoaspirado y resecci\u00f3n periareolar de la gl\u00e1ndula mamaria.<\/strong><br \/>(D\u00eda 45 postoperatorio)<\/p>\t\t\t\t\t\t<\/div>\n\t\t\t\t<\/div>\n\t\t\t\t\t<\/div>\n\t\t<\/div>\n\t\t\t\t<div class=\"elementor-column elementor-col-50 elementor-top-column elementor-element elementor-element-0c923d8\" data-id=\"0c923d8\" data-element_type=\"column\">\n\t\t\t<div class=\"elementor-widget-wrap elementor-element-populated\">\n\t\t\t\t\t\t\t\t<div class=\"elementor-element elementor-element-5983624 elementor-widget elementor-widget-aic-image-comparison\" data-id=\"5983624\" data-element_type=\"widget\" data-widget_type=\"aic-image-comparison.default\">\n\t\t\t\t<div class=\"elementor-widget-container\">\n\t\t\t        \n        <div id=\"aic-image-comparison-5983624\" class=\"aic-image-container\" data-offset=\"0.5\" data-orientation=\"horizontal\" data-before_label=\"Before\" data-after_label=\"After\" data-overlay=\"no\" data-onhover=\"yes\" data-click_to_move=\"no\">\n\t\t\t<img decoding=\"async\" class=\"aic-before-img\" alt=\"Before image alt\" src=\"https:\/\/drwalterarboleda.com\/wp-content\/uploads\/2026\/02\/PC41-1.jpg\">\n\t\t\t<img decoding=\"async\" class=\"aic-after-img\" alt=\"After image alt\" src=\"https:\/\/drwalterarboleda.com\/wp-content\/uploads\/2026\/05\/pc43.jpg\">\n        <\/div>\n\n        \t\t<\/div>\n\t\t\t\t<\/div>\n\t\t\t\t<div class=\"elementor-element elementor-element-3791d21 elementor-widget__width-initial elementor-widget elementor-widget-text-editor\" data-id=\"3791d21\" data-element_type=\"widget\" data-widget_type=\"text-editor.default\">\n\t\t\t\t<div class=\"elementor-widget-container\">\n\t\t\t\t\t\t\t<p style=\"text-align: center;\">Paciente a quien se le realiza <strong>Mamoplastia de reducci\u00f3n, con pexia mamaria<\/strong><\/p>\t\t\t\t\t\t<\/div>\n\t\t\t\t<\/div>\n\t\t\t\t\t<\/div>\n\t\t<\/div>\n\t\t\t\t\t\t\t<\/div>\n\t\t<\/section>\n\t\t\t\t\t\t\t<\/div>\n\t\t","protected":false},"excerpt":{"rendered":"<p>SERVICIOS ANTES Y DESP\u00daES Estamos aqu\u00ed para restaurar tu confianza y tu calidad de vida. Paciente a la cual se le realizamamoplastia de reducci\u00f3n. https:\/\/drwalterarboleda.com\/wp-content\/uploads\/2026\/04\/0420.mov Paciente de 29 a\u00f1os con hipertrofia mamaria bilaterial a quien se le realiza mamoplastia de reducci\u00f3n.(D\u00eda 60 postoperatorio) https:\/\/drwalterarboleda.com\/wp-content\/uploads\/2026\/02\/ANTESYDESPUES.mp4 Paciente con antecedente de mamoplastia de aumento\u00a0 se realiza revisi\u00f3n secundaria &hellip;<\/p>\n<p class=\"read-more\"> <a class=\"\" href=\"https:\/\/drwalterarboleda.com\/index.php\/antes-y-despues\/\"> <span class=\"screen-reader-text\">Antes y Despu\u00e9s<\/span> Leer m\u00e1s &raquo;<\/a><\/p>\n","protected":false},"author":2,"featured_media":0,"parent":0,"menu_order":0,"comment_status":"closed","ping_status":"closed","template":"","meta":{"site-sidebar-layout":"no-sidebar","site-content-layout":"page-builder","ast-site-content-layout":"full-width-container","site-content-style":"unboxed","site-sidebar-style":"unboxed","ast-global-header-display":"","ast-banner-title-visibility":"","ast-main-header-display":"","ast-hfb-above-header-display":"","ast-hfb-below-header-display":"","ast-hfb-mobile-header-display":"","site-post-title":"disabled","ast-breadcrumbs-content":"","ast-featured-img":"disabled","footer-sml-layout":"","theme-transparent-header-meta":"enabled","adv-header-id-meta":"","stick-header-meta":"","header-above-stick-meta":"","header-main-stick-meta":"","header-below-stick-meta":"","astra-migrate-meta-layouts":"set","footnotes":""},"aioseo_notices":[],"_links":{"self":[{"href":"https:\/\/drwalterarboleda.com\/index.php\/wp-json\/wp\/v2\/pages\/12127"}],"collection":[{"href":"https:\/\/drwalterarboleda.com\/index.php\/wp-json\/wp\/v2\/pages"}],"about":[{"href":"https:\/\/drwalterarboleda.com\/index.php\/wp-json\/wp\/v2\/types\/page"}],"author":[{"embeddable":true,"href":"https:\/\/drwalterarboleda.com\/index.php\/wp-json\/wp\/v2\/users\/2"}],"replies":[{"embeddable":true,"href":"https:\/\/drwalterarboleda.com\/index.php\/wp-json\/wp\/v2\/comments?post=12127"}],"version-history":[{"count":4,"href":"https:\/\/drwalterarboleda.com\/index.php\/wp-json\/wp\/v2\/pages\/12127\/revisions"}],"predecessor-version":[{"id":12134,"href":"https:\/\/drwalterarboleda.com\/index.php\/wp-json\/wp\/v2\/pages\/12127\/revisions\/12134"}],"wp:attachment":[{"href":"https:\/\/drwalterarboleda.com\/index.php\/wp-json\/wp\/v2\/media?parent=12127"}],"curies":[{"name":"wp","href":"https:\/\/api.w.org\/{rel}","templated":true}]}}